{"id":9,"date":"2019-03-31T02:28:43","date_gmt":"2019-03-31T02:28:43","guid":{"rendered":"http:\/\/centrocardiologicopatagonico.com.ar\/site\/?page_id=9"},"modified":"2024-09-02T15:52:53","modified_gmt":"2024-09-02T18:52:53","slug":"nosotros","status":"publish","type":"page","link":"http:\/\/centrocardiologicopatagonico.com.ar\/site\/nosotros\/","title":{"rendered":"Equipo de profesionales"},"content":{"rendered":"\n<h3 class=\"wp-block-heading\"><strong><em>Jefatura de Servicio:<\/em><\/strong><br><\/h3>\n\n\n\n<div class=\"wp-block-columns has-3-columns is-layout-flex wp-container-core-columns-is-layout-9d6595d7 wp-block-columns-is-layout-flex\">\n<div class=\"wp-block-column is-layout-flow wp-block-column-is-layout-flow\">\n<figure class=\"wp-block-image is-resized\"><img loading=\"lazy\" decoding=\"async\" width=\"550\" height=\"542\" src=\"http:\/\/centrocardiologicopatagonico.com.ar\/site\/wp-content\/uploads\/2019\/05\/lopez.jpeg\" alt=\"\" class=\"wp-image-379\" style=\"width:163px;height:160px\" srcset=\"http:\/\/centrocardiologicopatagonico.com.ar\/site\/wp-content\/uploads\/2019\/05\/lopez.jpeg 550w, http:\/\/centrocardiologicopatagonico.com.ar\/site\/wp-content\/uploads\/2019\/05\/lopez-300x296.jpeg 300w\" sizes=\"auto, (max-width: 550px) 100vw, 550px\" \/><figcaption class=\"wp-element-caption\"><strong>Dr. Lopez Rodolfo<\/strong><\/figcaption><\/figure>\n<\/div>\n\n\n\n<div class=\"wp-block-column is-layout-flow wp-block-column-is-layout-flow\">\n<figure class=\"wp-block-image is-resized\"><img loading=\"lazy\" decoding=\"async\" width=\"572\" height=\"672\" src=\"http:\/\/centrocardiologicopatagonico.com.ar\/site\/wp-content\/uploads\/2019\/05\/ploger.jpg\" alt=\"\" class=\"wp-image-383\" style=\"width:135px;height:160px\" srcset=\"http:\/\/centrocardiologicopatagonico.com.ar\/site\/wp-content\/uploads\/2019\/05\/ploger.jpg 572w, http:\/\/centrocardiologicopatagonico.com.ar\/site\/wp-content\/uploads\/2019\/05\/ploger-255x300.jpg 255w\" sizes=\"auto, (max-width: 572px) 100vw, 572px\" \/><figcaption class=\"wp-element-caption\"><strong>Dr. Pl\u00f6ger<\/strong> <strong>Claudio <\/strong> <\/figcaption><\/figure>\n<\/div>\n\n\n\n<div class=\"wp-block-column is-layout-flow wp-block-column-is-layout-flow\">\n<figure class=\"wp-block-image is-resized\"><img loading=\"lazy\" decoding=\"async\" width=\"504\" height=\"584\" src=\"http:\/\/centrocardiologicopatagonico.com.ar\/site\/wp-content\/uploads\/2019\/05\/paz.jpg\" alt=\"\" class=\"wp-image-385\" style=\"width:139px;height:160px\" srcset=\"http:\/\/centrocardiologicopatagonico.com.ar\/site\/wp-content\/uploads\/2019\/05\/paz.jpg 504w, http:\/\/centrocardiologicopatagonico.com.ar\/site\/wp-content\/uploads\/2019\/05\/paz-259x300.jpg 259w\" sizes=\"auto, (max-width: 504px) 100vw, 504px\" \/><figcaption class=\"wp-element-caption\"><strong>Dr. Paz Federico<\/strong> <\/figcaption><\/figure>\n<\/div>\n<\/div>\n\n\n\n<h4 class=\"wp-block-heading\"><strong>Cardiolog\u00eda clinica:<\/strong><br><\/h4>\n\n\n\n<div class=\"wp-block-columns has-2-columns is-layout-flex wp-container-core-columns-is-layout-9d6595d7 wp-block-columns-is-layout-flex\">\n<div class=\"wp-block-column is-layout-flow wp-block-column-is-layout-flow\">\n<p><em>Dr. Lopez Rodolfo  <br>Dr. Paz Federico <br>Dr. Pl\u00f6ger Claudio  <br>Dra. Arnedo Alicia <br>Dr. Lavaggi Diego <br>Dr. Tognoli Mart\u00edn  <br>Dra. Duret Ana  <\/em><br><br><\/p>\n<\/div>\n\n\n\n<div class=\"wp-block-column is-layout-flow wp-block-column-is-layout-flow\">\n<p><em>Dr. Gordiola Mirko<br>Dr. Imsteyf Enrique<br>Dra. Alvarez Vanina<br>Dr. Ramos Patricio<br>Dr. Cortez Lucas<br>Dr. Gomez Didier Lautaro<br>Dra. Urioste Vanesa <br><\/em><\/p>\n<\/div>\n<\/div>\n\n\n\n<h4 class=\"wp-block-heading\"><strong>Cardiolog\u00eda Infantil:<\/strong><\/h4>\n\n\n\n<p><em>Dra. Martinez Natalia  <br>Dr. Varvasini Juan Cruz <br><\/em><\/p>\n\n\n\n<p><\/p>\n\n\n\n<h4 class=\"wp-block-heading\"><strong>T\u00e9cnicas: <\/strong><\/h4>\n\n\n\n<p><em>Bugnest Wanda<br><\/em>Cofre Vanesa<\/p>\n\n\n\n<h4 class=\"wp-block-heading\"><strong>Nutrici\u00f3n y deporte<\/strong><\/h4>\n\n\n\n<p>Alvarez Mar\u00eda Sol<\/p>\n","protected":false},"excerpt":{"rendered":"<p>Jefatura de Servicio: Cardiolog\u00eda clinica: Dr. Lopez Rodolfo Dr. Paz Federico Dr. Pl\u00f6ger Claudio Dra. Arnedo Alicia Dr. Lavaggi Diego Dr. Tognoli Mart\u00edn Dra. Duret Ana Dr. Gordiola MirkoDr. Imsteyf &#8230;<\/p>\n","protected":false},"author":2,"featured_media":83,"parent":0,"menu_order":0,"comment_status":"closed","ping_status":"closed","template":"","meta":{"footnotes":""},"class_list":["post-9","page","type-page","status-publish","has-post-thumbnail","hentry"],"_links":{"self":[{"href":"http:\/\/centrocardiologicopatagonico.com.ar\/site\/wp-json\/wp\/v2\/pages\/9","targetHints":{"allow":["GET"]}}],"collection":[{"href":"http:\/\/centrocardiologicopatagonico.com.ar\/site\/wp-json\/wp\/v2\/pages"}],"about":[{"href":"http:\/\/centrocardiologicopatagonico.com.ar\/site\/wp-json\/wp\/v2\/types\/page"}],"author":[{"embeddable":true,"href":"http:\/\/centrocardiologicopatagonico.com.ar\/site\/wp-json\/wp\/v2\/users\/2"}],"replies":[{"embeddable":true,"href":"http:\/\/centrocardiologicopatagonico.com.ar\/site\/wp-json\/wp\/v2\/comments?post=9"}],"version-history":[{"count":32,"href":"http:\/\/centrocardiologicopatagonico.com.ar\/site\/wp-json\/wp\/v2\/pages\/9\/revisions"}],"predecessor-version":[{"id":530,"href":"http:\/\/centrocardiologicopatagonico.com.ar\/site\/wp-json\/wp\/v2\/pages\/9\/revisions\/530"}],"wp:featuredmedia":[{"embeddable":true,"href":"http:\/\/centrocardiologicopatagonico.com.ar\/site\/wp-json\/wp\/v2\/media\/83"}],"wp:attachment":[{"href":"http:\/\/centrocardiologicopatagonico.com.ar\/site\/wp-json\/wp\/v2\/media?parent=9"}],"curies":[{"name":"wp","href":"https:\/\/api.w.org\/{rel}","templated":true}]}}